{"id":446,"date":"2020-02-03T14:20:10","date_gmt":"2020-02-03T13:20:10","guid":{"rendered":"http:\/\/samuel-boucher.fr\/?page_id=446"},"modified":"2024-11-11T15:09:11","modified_gmt":"2024-11-11T14:09:11","slug":"home","status":"publish","type":"page","link":"https:\/\/samuel-boucher.fr\/es\/","title":{"rendered":"Home"},"content":{"rendered":"\n\n\t<section class=\"section dark\" id=\"section_775681979\">\n\t\t<div class=\"section-bg fill\" >\n\t\t\t\t\t\t\t\t\t<div class=\"section-bg-overlay absolute fill\"><\/div>\n\t\t\t\n\n\t\t<\/div>\n\n\t\t\n\n\t\t<div class=\"section-content relative\">\n\t\t\t\n<div class=\"row align-middle align-center\"  id=\"row-1257144719\">\n\n\t<div id=\"col-1691274059\" class=\"col medium-6 small-12 large-5\"  >\n\t\t\t\t<div class=\"col-inner text-center\"  >\n\t\t\t\n\t\t\t\n<div class=\"container section-title-container\" ><h1 class=\"section-title section-title-center\"><b aria-hidden=\"true\"><\/b><span class=\"section-title-main\" >Samuel Boucher<\/span><b aria-hidden=\"true\"><\/b><\/h1><\/div>\n<h2 style=\"text-transform: uppercase; font-size: 1.1em;\">Lead Product Manager @Prestashop<\/h2> <h6>Marketplace &#8211; ecommerce &#8211; Payment<\/h6> \t<div id=\"gap-89729684\" class=\"gap-element clearfix\" style=\"display:block; height:auto;\">\n\t\t\n<style>\n#gap-89729684 {\n  padding-top: 30px;\n}\n<\/style>\n\t<\/div>\n\t <a href=\"#profil\" class=\"button secondary expand\" style=\"border-radius:99px;\">\n\t\t<span>\u00a1Bienvenido!<\/span>\n\t<i class=\"icon-angle-down\" aria-hidden=\"true\"><\/i><\/a>\n \t\t<\/div>\n\t\t\t\t\n<style>\n#col-1691274059 > .col-inner {\n  padding: 0px 0% 0px 0%;\n}\n@media (min-width:550px) {\n  #col-1691274059 > .col-inner {\n    padding: 0px 5% 0px 5%;\n  }\n}\n<\/style>\n\t<\/div>\n\n\t <\/div> \t\t<\/div>\n\n\t\t\n<style>\n#section_775681979 {\n  padding-top: 30px;\n  padding-bottom: 30px;\n  min-height: 300px;\n  background-color: rgb(74,158,214);\n}\n#section_775681979 .section-bg-overlay {\n  background-color: rgba(74, 158, 214, 0.85);\n}\n@media (min-width:550px) {\n  #section_775681979 {\n    min-height: 298px;\n  }\n  #section_775681979 .section-bg-overlay {\n    background-color: rgba(74, 158, 214, 0.4);\n  }\n}\n@media (min-width:850px) {\n  #section_775681979 .section-bg-overlay {\n    background-color: rgba(74, 158, 214, 0);\n  }\n}\n<\/style>\n\t<\/section>\n\t \n\t<section class=\"section has-mask mask-angled-large\" id=\"section_1478955343\">\n\t\t<div class=\"section-bg fill\" >\n\t\t\t\t\t\t\t\t\t\n\t\t\t\n\n\t\t<\/div>\n\n\t\t\n\n\t\t<div class=\"section-content relative\">\n\t\t\t \t<div id=\"gap-172887990\" class=\"gap-element clearfix\" style=\"display:block; height:auto;\">\n\t\t\n<style>\n#gap-172887990 {\n  padding-top: 50px;\n}\n<\/style>\n\t<\/div>\n\t <span class=\"scroll-to\" data-label=\"Scroll to: #profil\" data-bullet=\"false\" data-link=\"#profil\" data-title=\"profil\"><a name=\"profil\"><\/a><\/span> <div class=\"row align-middle\"  id=\"row-522891883\"> \n\t<div id=\"col-651519224\" class=\"col medium-5 small-12 large-5\"  >\n\t\t\t\t<div class=\"col-inner text-center\"  >\n\t\t\t\n\t\t\t \t<div class=\"img has-hover x md-x lg-x y md-y lg-y\" id=\"image_1570453036\">\n\t\t\t\t\t\t<div data-animate=\"flipInY\">\t\t<div class=\"img-inner dark\" >\n\t\t\t<img loading=\"lazy\" decoding=\"async\" width=\"600\" height=\"600\" src=\"https:\/\/samuel-boucher.fr\/wp-content\/uploads\/2020\/01\/photosam.png\" class=\"attachment-original size-original\" alt=\"\" srcset=\"https:\/\/samuel-boucher.fr\/wp-content\/uploads\/2020\/01\/photosam.png 600w, https:\/\/samuel-boucher.fr\/wp-content\/uploads\/2020\/01\/photosam-300x300.png 300w, https:\/\/samuel-boucher.fr\/wp-content\/uploads\/2020\/01\/photosam-100x100.png 100w, https:\/\/samuel-boucher.fr\/wp-content\/uploads\/2020\/01\/photosam-150x150.png 150w\" sizes=\"auto, (max-width: 600px) 100vw, 600px\" \/>\t\t\t\t\t\t\n\t\t\t\t\t<\/div>\n\t\t<\/div>\t\t\t\t\t\t\n<style>\n#image_1570453036 {\n  width: 80%;\n}\n<\/style>\n\t<\/div>\n\t \t\t<\/div>\n\t\t\t\t\t<\/div>\n\n\t \n\t<div id=\"col-1523975247\" class=\"col medium-7 small-12 large-7\"  >\n\t\t\t\t<div class=\"col-inner text-center\"  >\n\t\t\t\n\t\t\t <div class=\"container section-title-container\" ><h2 class=\"section-title section-title-normal\"><b aria-hidden=\"true\"><\/b><span class=\"section-title-main\" ><i class=\"icon-user\" aria-hidden=\"true\"><\/i>Mi Perfil<\/span><b aria-hidden=\"true\"><\/b><\/h2><\/div> <blockquote> <p style=\"text-align: left;\">Lead Product Manager especializado en los \u00e1mbitos de marketplace, comercio electr\u00f3nico y pagos. Mi visi\u00f3n estrat\u00e9gica y capacidades de ejecuci\u00f3n son altamente valoradas en entornos din\u00e1micos, especialmente en startups\/scaleups.<\/p> <\/blockquote> <a href=\"\/profil\" class=\"button alert lowercase expand\" style=\"border-radius:99px;\">\n\t\t<span>Saber m\u00e1s<\/span>\n\t<i class=\"icon-angle-right\" aria-hidden=\"true\"><\/i><\/a>\n \t\t<\/div>\n\t\t\t\t\n<style>\n#col-1523975247 > .col-inner {\n  padding: 20px 20px 20px 20px;\n}\n<\/style>\n\t<\/div>\n\n\t <\/div> \t\t<\/div>\n\n\t\t\n<style>\n#section_1478955343 {\n  padding-top: 30px;\n  padding-bottom: 30px;\n  background-color: rgb(255,255,255);\n}\n<\/style>\n\t<\/section>\n\t \n\t<section class=\"section dark has-mask mask-angled-right\" id=\"section_1778765874\">\n\t\t<div class=\"section-bg fill\" >\n\t\t\t\t\t\t\t\t\t\n\t\t\t\n\n\t\t<\/div>\n\n\t\t\n\n\t\t<div class=\"section-content relative\">\n\t\t\t \t\t<\/div>\n\n\t\t\n<style>\n#section_1778765874 {\n  padding-top: 20px;\n  padding-bottom: 20px;\n  background-color: rgb(255, 166, 24);\n}\n<\/style>\n\t<\/section>\n\t \n\t<section class=\"section has-mask mask-angled-right\" id=\"section_1524764017\">\n\t\t<div class=\"section-bg fill\" >\n\t\t\t\t\t\t\t\t\t\n\t\t\t\n\n\t\t<\/div>\n\n\t\t\n\n\t\t<div class=\"section-content relative\">\n\t\t\t \t<div id=\"gap-1650807598\" class=\"gap-element clearfix\" style=\"display:block; height:auto;\">\n\t\t\n<style>\n#gap-1650807598 {\n  padding-top: 50px;\n}\n<\/style>\n\t<\/div>\n\t <div class=\"row row-divided\"  id=\"row-1809159589\"> \n\t<div id=\"col-93413207\" class=\"col medium-4 small-12 large-3\"  >\n\t\t\t\t<div class=\"col-inner\"  >\n\t\t\t\n\t\t\t <div class=\"container section-title-container\" ><h2 class=\"section-title section-title-normal\"><b aria-hidden=\"true\"><\/b><span class=\"section-title-main\" ><i class=\"icon-search\" aria-hidden=\"true\"><\/i>Mi Trayectoria Profesional<\/span><b aria-hidden=\"true\"><\/b><\/h2><\/div> \t<div id=\"gap-618335311\" class=\"gap-element clearfix\" style=\"display:block; height:auto;\">\n\t\t\n<style>\n#gap-618335311 {\n  padding-top: 30px;\n}\n<\/style>\n\t<\/div>\n\t <p style=\"color: #aaa;\"><em>\u00bb Samuel is a fast learner, detailed oriented and always capable of adapting to new challenges with a strong commitment [&#8230;]. During 5 years, on top of managing the team and the execution, ramping customer accounts and adapting our services helped him to be a better multifaceted player and a strategic thinker.\u00bb<\/em><\/p> <p style=\"color: #aaa; font-size:0.8em;\">Franck &#8211; Cofundador de Le18 y Laboite<\/p> \t<div id=\"gap-1891541767\" class=\"gap-element clearfix\" style=\"display:block; height:auto;\">\n\t\t\n<style>\n#gap-1891541767 {\n  padding-top: 30px;\n}\n<\/style>\n\t<\/div>\n\t <a href=\"\/experiences\" class=\"button alert lowercase expand\" style=\"border-radius:99px;\">\n\t\t<span>Saber m\u00e1s<\/span>\n\t<i class=\"icon-angle-right\" aria-hidden=\"true\"><\/i><\/a>\n \t\t<\/div>\n\t\t\t\t\t<\/div>\n\n\t \n\t<div id=\"col-231822778\" class=\"col medium-8 small-12 large-9\"  >\n\t\t\t\t<div class=\"col-inner\"  >\n\t\t\t\n\t\t\t \n\t<a class=\"plain\" href=\"\/experiences\/#prestashop\" >\t<div class=\"icon-box featured-box icon-box-left text-left\"  >\n\t\t\t\t\t<div class=\"icon-box-img has-icon-bg\" style=\"width: 99px\">\n\t\t\t\t<div class=\"icon\">\n\t\t\t\t\t<div class=\"icon-inner\" style=\"border-width:1px;color:rgb(255, 255, 255);\">\n\t\t\t\t\t\t<img loading=\"lazy\" decoding=\"async\" width=\"200\" height=\"200\" src=\"https:\/\/samuel-boucher.fr\/wp-content\/uploads\/2024\/02\/prestashop_logo.jpg\" class=\"attachment-medium size-medium\" alt=\"\" srcset=\"https:\/\/samuel-boucher.fr\/wp-content\/uploads\/2024\/02\/prestashop_logo.jpg 200w, https:\/\/samuel-boucher.fr\/wp-content\/uploads\/2024\/02\/prestashop_logo-100x100.jpg 100w, https:\/\/samuel-boucher.fr\/wp-content\/uploads\/2024\/02\/prestashop_logo-150x150.jpg 150w\" sizes=\"auto, (max-width: 200px) 100vw, 200px\" \/>\t\t\t\t\t<\/div>\n\t\t\t\t<\/div>\n\t\t\t<\/div>\n\t\t\t\t<div class=\"icon-box-text last-reset\">\n\t\t\t<h5 class=\"uppercase\">2023 - Presente<\/h5>\t\t\t<h6>Par\u00eds (FR) - Barcelona (ES)<\/h6>\t\t\t <h3>Lead Product Manager @ PrestaShop<\/h3> <p>Doble responsabilidad como Lead Product Manager en el \u00e1mbito de PrestaShop Marketplace + Product Manager en el \u00e1mbito de Finanzas (equipo t\u00e9cnico).<\/p> \t\t<\/div>\n\t<\/div>\n\t<\/a>\n\t <div class=\"is-divider divider clearfix\" style=\"max-width:100%;height:1px;\"><\/div> \n\t<a class=\"plain\" href=\"\/experiences\/#prestashop\" >\t<div class=\"icon-box featured-box icon-box-left text-left\"  >\n\t\t\t\t\t<div class=\"icon-box-img has-icon-bg\" style=\"width: 99px\">\n\t\t\t\t<div class=\"icon\">\n\t\t\t\t\t<div class=\"icon-inner\" style=\"border-width:1px;color:rgb(255, 255, 255);\">\n\t\t\t\t\t\t<img loading=\"lazy\" decoding=\"async\" width=\"300\" height=\"251\" src=\"https:\/\/samuel-boucher.fr\/wp-content\/uploads\/2021\/04\/Prestashop-logo-300x251.png\" class=\"attachment-medium size-medium\" alt=\"\" srcset=\"https:\/\/samuel-boucher.fr\/wp-content\/uploads\/2021\/04\/Prestashop-logo-300x251.png 300w, https:\/\/samuel-boucher.fr\/wp-content\/uploads\/2021\/04\/Prestashop-logo.png 494w\" sizes=\"auto, (max-width: 300px) 100vw, 300px\" \/>\t\t\t\t\t<\/div>\n\t\t\t\t<\/div>\n\t\t\t<\/div>\n\t\t\t\t<div class=\"icon-box-text last-reset\">\n\t\t\t<h5 class=\"uppercase\">2021 - 2023<\/h5>\t\t\t<h6>Par\u00eds (FR) - Barcelona (ES)<\/h6>\t\t\t <h3>Product Manager @ PrestaShop<\/h3> <p>Product Manager para el equipo Web Journey. Alcance y objetivo principal: optimizaci\u00f3n de la experiencia de usuario en el marketplace PrestaShop Addons.<\/p> \t\t<\/div>\n\t<\/div>\n\t<\/a>\n\t <div class=\"is-divider divider clearfix\" style=\"max-width:100%;height:1px;\"><\/div> \n\t<a class=\"plain\" href=\"\/experiences\/#wivoo\" >\t<div class=\"icon-box featured-box icon-box-left text-left\"  >\n\t\t\t\t\t<div class=\"icon-box-img has-icon-bg\" style=\"width: 99px\">\n\t\t\t\t<div class=\"icon\">\n\t\t\t\t\t<div class=\"icon-inner\" style=\"border-width:1px;color:rgb(255, 255, 255);\">\n\t\t\t\t\t\t<img loading=\"lazy\" decoding=\"async\" width=\"300\" height=\"161\" src=\"https:\/\/samuel-boucher.fr\/wp-content\/uploads\/2020\/05\/Wivoo-logo-300x161.png\" class=\"attachment-medium size-medium\" alt=\"\" srcset=\"https:\/\/samuel-boucher.fr\/wp-content\/uploads\/2020\/05\/Wivoo-logo-300x161.png 300w, https:\/\/samuel-boucher.fr\/wp-content\/uploads\/2020\/05\/Wivoo-logo.png 308w\" sizes=\"auto, (max-width: 300px) 100vw, 300px\" \/>\t\t\t\t\t<\/div>\n\t\t\t\t<\/div>\n\t\t\t<\/div>\n\t\t\t\t<div class=\"icon-box-text last-reset\">\n\t\t\t<h5 class=\"uppercase\">2020 - 2021<\/h5>\t\t\t<h6>Par\u00eds (FR) - Barcelona (ES)<\/h6>\t\t\t <h3>Consultor de Product Management @ Wivoo<\/h3> <p>Consultor en Wivoo, empresa de consultor\u00eda especializada en Product Management. Misi\u00f3n en remoto para PrestaShop.<\/p> \t\t<\/div>\n\t<\/div>\n\t<\/a>\n\t <div class=\"is-divider divider clearfix\" style=\"max-width:100%;height:1px;\"><\/div> \n\t<a class=\"plain\" href=\"\/experiences\/#chelf\" >\t<div class=\"icon-box featured-box icon-box-left text-left\"  >\n\t\t\t\t\t<div class=\"icon-box-img has-icon-bg\" style=\"width: 99px\">\n\t\t\t\t<div class=\"icon\">\n\t\t\t\t\t<div class=\"icon-inner\" style=\"border-width:1px;color:rgb(255, 255, 255);\">\n\t\t\t\t\t\t<img loading=\"lazy\" decoding=\"async\" width=\"300\" height=\"133\" src=\"https:\/\/samuel-boucher.fr\/wp-content\/uploads\/2020\/01\/chelf-300x133.png\" class=\"attachment-medium size-medium\" alt=\"\" srcset=\"https:\/\/samuel-boucher.fr\/wp-content\/uploads\/2020\/01\/chelf-300x133.png 300w, https:\/\/samuel-boucher.fr\/wp-content\/uploads\/2020\/01\/chelf.png 500w\" sizes=\"auto, (max-width: 300px) 100vw, 300px\" \/>\t\t\t\t\t<\/div>\n\t\t\t\t<\/div>\n\t\t\t<\/div>\n\t\t\t\t<div class=\"icon-box-text last-reset\">\n\t\t\t<h5 class=\"uppercase\">2019<\/h5>\t\t\t<h6>Barcelona (ES) - San Francisco (US)<\/h6>\t\t\t <h3>Desaf\u00edo Emprendedor @ Chelf<\/h3> <p>Soluci\u00f3n de distribuci\u00f3n digital para el sector de Alimentaci\u00f3n Premium.<\/p> \t\t<\/div>\n\t<\/div>\n\t<\/a>\n\t <div class=\"is-divider divider clearfix\" style=\"max-width:100%;height:1px;\"><\/div> \n\t<a class=\"plain\" href=\"\/experiences\/#laboite\" >\t<div class=\"icon-box featured-box icon-box-left text-left\"  >\n\t\t\t\t\t<div class=\"icon-box-img has-icon-bg\" style=\"width: 99px\">\n\t\t\t\t<div class=\"icon\">\n\t\t\t\t\t<div class=\"icon-inner\" style=\"border-width:1px;color:rgb(255, 255, 255);\">\n\t\t\t\t\t\t<img loading=\"lazy\" decoding=\"async\" width=\"250\" height=\"67\" src=\"https:\/\/samuel-boucher.fr\/wp-content\/uploads\/2020\/01\/LOGO-black-250px.png\" class=\"attachment-medium size-medium\" alt=\"\" \/>\t\t\t\t\t<\/div>\n\t\t\t\t<\/div>\n\t\t\t<\/div>\n\t\t\t\t<div class=\"icon-box-text last-reset\">\n\t\t\t<h5 class=\"uppercase\">2017-2018<\/h5>\t\t\t<h6>Barcelona (ES)<\/h6>\t\t\t <h3>Cofundador &#8211; Product Manager @ LABOITE<\/h3> <p>Desarrollo de un sistema interactivo para puntos de venta.<\/p> \t\t<\/div>\n\t<\/div>\n\t<\/a>\n\t <div class=\"is-divider divider clearfix\" style=\"max-width:100%;height:1px;\"><\/div> \n\t<a class=\"plain\" href=\"\/experiences\/#le18\" >\t<div class=\"icon-box featured-box icon-box-left text-left\"  >\n\t\t\t\t\t<div class=\"icon-box-img has-icon-bg\" style=\"width: 99px\">\n\t\t\t\t<div class=\"icon\">\n\t\t\t\t\t<div class=\"icon-inner\" style=\"border-width:1px;color:rgb(255, 255, 255);\">\n\t\t\t\t\t\t<img loading=\"lazy\" decoding=\"async\" width=\"300\" height=\"290\" src=\"https:\/\/samuel-boucher.fr\/wp-content\/uploads\/2020\/01\/LOGO-Le18-300x290.jpg\" class=\"attachment-medium size-medium\" alt=\"\" srcset=\"https:\/\/samuel-boucher.fr\/wp-content\/uploads\/2020\/01\/LOGO-Le18-300x290.jpg 300w, https:\/\/samuel-boucher.fr\/wp-content\/uploads\/2020\/01\/LOGO-Le18.jpg 527w\" sizes=\"auto, (max-width: 300px) 100vw, 300px\" \/>\t\t\t\t\t<\/div>\n\t\t\t\t<\/div>\n\t\t\t<\/div>\n\t\t\t\t<div class=\"icon-box-text last-reset\">\n\t\t\t<h5 class=\"uppercase\">2013-2016<\/h5>\t\t\t<h6>Barcelona (ES)<\/h6>\t\t\t <h3>Socio &#8211; Digital Project Manager @ Le18<\/h3> <p>Agencia de marketing digital y distribuci\u00f3n para profesionales del sector Gourmet.<\/p> \t\t<\/div>\n\t<\/div>\n\t<\/a>\n\t \t\t<\/div>\n\t\t\t\t\t<\/div>\n\n\t <\/div> \t\t<\/div>\n\n\t\t\n<style>\n#section_1524764017 {\n  padding-top: 30px;\n  padding-bottom: 30px;\n  background-color: rgb(255,255,255);\n}\n<\/style>\n\t<\/section>\n\t ","protected":false},"excerpt":{"rendered":"","protected":false},"author":1,"featured_media":454,"parent":0,"menu_order":0,"comment_status":"closed","ping_status":"closed","template":"page-blank.php","meta":{"footnotes":""},"class_list":["post-446","page","type-page","status-publish","has-post-thumbnail","hentry"],"yoast_head":"<!-- This site is optimized with the Yoast SEO plugin v27.5 - https:\/\/yoast.com\/product\/yoast-seo-wordpress\/ -->\n<title>Home - Samuel Boucher<\/title>\n<meta name=\"robots\" content=\"index, follow, max-snippet:-1, max-image-preview:large, max-video-preview:-1\" \/>\n<link rel=\"canonical\" href=\"https:\/\/samuel-boucher.fr\/es\/\" \/>\n<meta property=\"og:locale\" content=\"es_ES\" \/>\n<meta property=\"og:type\" content=\"article\" \/>\n<meta property=\"og:title\" content=\"Home - Samuel Boucher\" \/>\n<meta property=\"og:url\" content=\"https:\/\/samuel-boucher.fr\/es\/\" \/>\n<meta property=\"og:site_name\" content=\"Samuel Boucher\" \/>\n<meta property=\"article:modified_time\" content=\"2024-11-11T14:09:11+00:00\" \/>\n<meta property=\"og:image\" content=\"https:\/\/samuel-boucher.fr\/wp-content\/uploads\/2020\/02\/thumbnail-1024x576.png\" \/>\n\t<meta property=\"og:image:width\" content=\"1024\" \/>\n\t<meta property=\"og:image:height\" content=\"576\" \/>\n\t<meta property=\"og:image:type\" content=\"image\/png\" \/>\n<meta name=\"twitter:card\" content=\"summary_large_image\" \/>\n<meta name=\"twitter:label1\" content=\"Tiempo de lectura\" \/>\n\t<meta name=\"twitter:data1\" content=\"3 minutos\" \/>\n<script type=\"application\/ld+json\" class=\"yoast-schema-graph\">{\"@context\":\"https:\\\/\\\/schema.org\",\"@graph\":[{\"@type\":\"WebPage\",\"@id\":\"https:\\\/\\\/samuel-boucher.fr\\\/es\\\/\",\"url\":\"https:\\\/\\\/samuel-boucher.fr\\\/es\\\/\",\"name\":\"Home - Samuel Boucher\",\"isPartOf\":{\"@id\":\"https:\\\/\\\/samuel-boucher.fr\\\/#website\"},\"primaryImageOfPage\":{\"@id\":\"https:\\\/\\\/samuel-boucher.fr\\\/es\\\/#primaryimage\"},\"image\":{\"@id\":\"https:\\\/\\\/samuel-boucher.fr\\\/es\\\/#primaryimage\"},\"thumbnailUrl\":\"https:\\\/\\\/samuel-boucher.fr\\\/wp-content\\\/uploads\\\/2020\\\/02\\\/thumbnail.png\",\"datePublished\":\"2020-02-03T13:20:10+00:00\",\"dateModified\":\"2024-11-11T14:09:11+00:00\",\"breadcrumb\":{\"@id\":\"https:\\\/\\\/samuel-boucher.fr\\\/es\\\/#breadcrumb\"},\"inLanguage\":\"es\",\"potentialAction\":[{\"@type\":\"ReadAction\",\"target\":[\"https:\\\/\\\/samuel-boucher.fr\\\/es\\\/\"]}]},{\"@type\":\"ImageObject\",\"inLanguage\":\"es\",\"@id\":\"https:\\\/\\\/samuel-boucher.fr\\\/es\\\/#primaryimage\",\"url\":\"https:\\\/\\\/samuel-boucher.fr\\\/wp-content\\\/uploads\\\/2020\\\/02\\\/thumbnail.png\",\"contentUrl\":\"https:\\\/\\\/samuel-boucher.fr\\\/wp-content\\\/uploads\\\/2020\\\/02\\\/thumbnail.png\",\"width\":3400,\"height\":1913},{\"@type\":\"BreadcrumbList\",\"@id\":\"https:\\\/\\\/samuel-boucher.fr\\\/es\\\/#breadcrumb\",\"itemListElement\":[{\"@type\":\"ListItem\",\"position\":1,\"name\":\"Accueil\",\"item\":\"https:\\\/\\\/samuel-boucher.fr\\\/es\\\/\"},{\"@type\":\"ListItem\",\"position\":2,\"name\":\"Home\"}]},{\"@type\":\"WebSite\",\"@id\":\"https:\\\/\\\/samuel-boucher.fr\\\/#website\",\"url\":\"https:\\\/\\\/samuel-boucher.fr\\\/\",\"name\":\"Samuel Boucher\",\"description\":\"Product Management and Digital Marketing\",\"potentialAction\":[{\"@type\":\"SearchAction\",\"target\":{\"@type\":\"EntryPoint\",\"urlTemplate\":\"https:\\\/\\\/samuel-boucher.fr\\\/?s={search_term_string}\"},\"query-input\":{\"@type\":\"PropertyValueSpecification\",\"valueRequired\":true,\"valueName\":\"search_term_string\"}}],\"inLanguage\":\"es\"}]}<\/script>\n<!-- \/ Yoast SEO plugin. -->","yoast_head_json":{"title":"Home - Samuel Boucher","robots":{"index":"index","follow":"follow","max-snippet":"max-snippet:-1","max-image-preview":"max-image-preview:large","max-video-preview":"max-video-preview:-1"},"canonical":"https:\/\/samuel-boucher.fr\/es\/","og_locale":"es_ES","og_type":"article","og_title":"Home - Samuel Boucher","og_url":"https:\/\/samuel-boucher.fr\/es\/","og_site_name":"Samuel Boucher","article_modified_time":"2024-11-11T14:09:11+00:00","og_image":[{"width":1024,"height":576,"url":"https:\/\/samuel-boucher.fr\/wp-content\/uploads\/2020\/02\/thumbnail-1024x576.png","type":"image\/png"}],"twitter_card":"summary_large_image","twitter_misc":{"Tiempo de lectura":"3 minutos"},"schema":{"@context":"https:\/\/schema.org","@graph":[{"@type":"WebPage","@id":"https:\/\/samuel-boucher.fr\/es\/","url":"https:\/\/samuel-boucher.fr\/es\/","name":"Home - Samuel Boucher","isPartOf":{"@id":"https:\/\/samuel-boucher.fr\/#website"},"primaryImageOfPage":{"@id":"https:\/\/samuel-boucher.fr\/es\/#primaryimage"},"image":{"@id":"https:\/\/samuel-boucher.fr\/es\/#primaryimage"},"thumbnailUrl":"https:\/\/samuel-boucher.fr\/wp-content\/uploads\/2020\/02\/thumbnail.png","datePublished":"2020-02-03T13:20:10+00:00","dateModified":"2024-11-11T14:09:11+00:00","breadcrumb":{"@id":"https:\/\/samuel-boucher.fr\/es\/#breadcrumb"},"inLanguage":"es","potentialAction":[{"@type":"ReadAction","target":["https:\/\/samuel-boucher.fr\/es\/"]}]},{"@type":"ImageObject","inLanguage":"es","@id":"https:\/\/samuel-boucher.fr\/es\/#primaryimage","url":"https:\/\/samuel-boucher.fr\/wp-content\/uploads\/2020\/02\/thumbnail.png","contentUrl":"https:\/\/samuel-boucher.fr\/wp-content\/uploads\/2020\/02\/thumbnail.png","width":3400,"height":1913},{"@type":"BreadcrumbList","@id":"https:\/\/samuel-boucher.fr\/es\/#breadcrumb","itemListElement":[{"@type":"ListItem","position":1,"name":"Accueil","item":"https:\/\/samuel-boucher.fr\/es\/"},{"@type":"ListItem","position":2,"name":"Home"}]},{"@type":"WebSite","@id":"https:\/\/samuel-boucher.fr\/#website","url":"https:\/\/samuel-boucher.fr\/","name":"Samuel Boucher","description":"Product Management and Digital Marketing","potentialAction":[{"@type":"SearchAction","target":{"@type":"EntryPoint","urlTemplate":"https:\/\/samuel-boucher.fr\/?s={search_term_string}"},"query-input":{"@type":"PropertyValueSpecification","valueRequired":true,"valueName":"search_term_string"}}],"inLanguage":"es"}]}},"_links":{"self":[{"href":"https:\/\/samuel-boucher.fr\/es\/wp-json\/wp\/v2\/pages\/446","targetHints":{"allow":["GET"]}}],"collection":[{"href":"https:\/\/samuel-boucher.fr\/es\/wp-json\/wp\/v2\/pages"}],"about":[{"href":"https:\/\/samuel-boucher.fr\/es\/wp-json\/wp\/v2\/types\/page"}],"author":[{"embeddable":true,"href":"https:\/\/samuel-boucher.fr\/es\/wp-json\/wp\/v2\/users\/1"}],"replies":[{"embeddable":true,"href":"https:\/\/samuel-boucher.fr\/es\/wp-json\/wp\/v2\/comments?post=446"}],"version-history":[{"count":9,"href":"https:\/\/samuel-boucher.fr\/es\/wp-json\/wp\/v2\/pages\/446\/revisions"}],"predecessor-version":[{"id":683,"href":"https:\/\/samuel-boucher.fr\/es\/wp-json\/wp\/v2\/pages\/446\/revisions\/683"}],"wp:featuredmedia":[{"embeddable":true,"href":"https:\/\/samuel-boucher.fr\/es\/wp-json\/wp\/v2\/media\/454"}],"wp:attachment":[{"href":"https:\/\/samuel-boucher.fr\/es\/wp-json\/wp\/v2\/media?parent=446"}],"curies":[{"name":"wp","href":"https:\/\/api.w.org\/{rel}","templated":true}]}}